{"id":2808,"date":"2025-06-08T08:01:15","date_gmt":"2025-06-08T08:01:15","guid":{"rendered":"https:\/\/b-vet-project.eu\/comunicados-de-prensa\/"},"modified":"2025-07-18T08:40:11","modified_gmt":"2025-07-18T08:40:11","slug":"comunicados-de-prensa","status":"publish","type":"page","link":"https:\/\/b-vet-project.eu\/es\/comunicados-de-prensa\/","title":{"rendered":"Comunicados de prensa"},"content":{"rendered":"\n<p>La p\u00e1gina est\u00e1 en construcci\u00f3n.<\/p>\n\n<p><\/p>\n","protected":false},"excerpt":{"rendered":"<p>La p\u00e1gina est\u00e1 en construcci\u00f3n.<\/p>\n","protected":false},"author":1,"featured_media":0,"parent":0,"menu_order":0,"comment_status":"closed","ping_status":"closed","template":"","meta":{"neve_meta_sidebar":"","neve_meta_container":"","neve_meta_enable_content_width":"","neve_meta_content_width":0,"neve_meta_title_alignment":"","neve_meta_author_avatar":"","neve_post_elements_order":"","neve_meta_disable_header":"","neve_meta_disable_footer":"","neve_meta_disable_title":"","footnotes":""},"class_list":["post-2808","page","type-page","status-publish","hentry"],"_links":{"self":[{"href":"https:\/\/b-vet-project.eu\/es\/wp-json\/wp\/v2\/pages\/2808","targetHints":{"allow":["GET"]}}],"collection":[{"href":"https:\/\/b-vet-project.eu\/es\/wp-json\/wp\/v2\/pages"}],"about":[{"href":"https:\/\/b-vet-project.eu\/es\/wp-json\/wp\/v2\/types\/page"}],"author":[{"embeddable":true,"href":"https:\/\/b-vet-project.eu\/es\/wp-json\/wp\/v2\/users\/1"}],"replies":[{"embeddable":true,"href":"https:\/\/b-vet-project.eu\/es\/wp-json\/wp\/v2\/comments?post=2808"}],"version-history":[{"count":1,"href":"https:\/\/b-vet-project.eu\/es\/wp-json\/wp\/v2\/pages\/2808\/revisions"}],"predecessor-version":[{"id":2810,"href":"https:\/\/b-vet-project.eu\/es\/wp-json\/wp\/v2\/pages\/2808\/revisions\/2810"}],"wp:attachment":[{"href":"https:\/\/b-vet-project.eu\/es\/wp-json\/wp\/v2\/media?parent=2808"}],"curies":[{"name":"wp","href":"https:\/\/api.w.org\/{rel}","templated":true}]}}