{"id":2811,"date":"2025-06-08T08:01:44","date_gmt":"2025-06-08T08:01:44","guid":{"rendered":"https:\/\/b-vet-project.eu\/eventos\/"},"modified":"2025-07-18T08:40:12","modified_gmt":"2025-07-18T08:40:12","slug":"eventos","status":"publish","type":"page","link":"https:\/\/b-vet-project.eu\/es\/eventos\/","title":{"rendered":"Eventos"},"content":{"rendered":"\n<div class=\"wp-block-query is-layout-flow wp-block-query-is-layout-flow\"><ul class=\"wp-block-post-template is-layout-flow wp-block-post-template-is-layout-flow\"><li class=\"wp-block-post post-2821 post type-post status-publish format-standard has-post-thumbnail hentry category-sin-categoria\">\n<h2 class=\"wp-block-post-title\"><a href=\"https:\/\/b-vet-project.eu\/es\/primera-reunion-transnacional-en-valencia\/\" target=\"_self\" >Primera Reuni\u00f3n Transnacional en Valencia<\/a><\/h2>\n\n<figure class=\"alignwide wp-block-post-featured-image\"><a href=\"https:\/\/b-vet-project.eu\/es\/primera-reunion-transnacional-en-valencia\/\" target=\"_self\"  ><img fetchpriority=\"high\" decoding=\"async\" width=\"1600\" height=\"900\" src=\"https:\/\/b-vet-project.eu\/wp-content\/uploads\/2025\/07\/Image-1.jpeg\" class=\"attachment-post-thumbnail size-post-thumbnail wp-post-image\" alt=\"Primera Reuni\u00f3n Transnacional en Valencia\" style=\"object-fit:cover;\" srcset=\"https:\/\/b-vet-project.eu\/wp-content\/uploads\/2025\/07\/Image-1.jpeg 1600w, https:\/\/b-vet-project.eu\/wp-content\/uploads\/2025\/07\/Image-1-300x169.jpeg 300w, https:\/\/b-vet-project.eu\/wp-content\/uploads\/2025\/07\/Image-1-1024x576.jpeg 1024w, https:\/\/b-vet-project.eu\/wp-content\/uploads\/2025\/07\/Image-1-768x432.jpeg 768w, https:\/\/b-vet-project.eu\/wp-content\/uploads\/2025\/07\/Image-1-1536x864.jpeg 1536w\" sizes=\"(max-width: 1600px) 100vw, 1600px\" \/><\/a><\/figure>\n\n<div class=\"wp-block-post-excerpt\"><p class=\"wp-block-post-excerpt__excerpt\">Los d\u00edas 29 y 30 de enero de 2025 tuvo lugar en Valencia (Espa\u00f1a), organizada por FyGConsultores, la reuni\u00f3n de lanzamiento del proyecto B-VET: \u00abDesarrollo de las capacidades de los proveedores de EFP en el Nilo Occidental y el Norte de Uganda\u00bb, cofinanciado por el Programa Erasmus+ en el marco de la acci\u00f3nDesarrollo de las<\/p><p class=\"wp-block-post-excerpt__more-text\"><a class=\"wp-block-post-excerpt__more-link\" href=\"https:\/\/b-vet-project.eu\/es\/primera-reunion-transnacional-en-valencia\/\">Leer m\u00e1s<\/a><\/p><\/div>\n\n\n<hr class=\"wp-block-separator has-css-opacity\"\/>\n\n\n<div class=\"wp-block-post-date\"><time datetime=\"2025-07-01T14:00:00+00:00\">julio 1, 2025<\/time><\/div>\n<\/li><\/ul><\/div>\n","protected":false},"excerpt":{"rendered":"","protected":false},"author":1,"featured_media":0,"parent":0,"menu_order":0,"comment_status":"closed","ping_status":"closed","template":"","meta":{"neve_meta_sidebar":"","neve_meta_container":"","neve_meta_enable_content_width":"","neve_meta_content_width":0,"neve_meta_title_alignment":"","neve_meta_author_avatar":"","neve_post_elements_order":"","neve_meta_disable_header":"","neve_meta_disable_footer":"","neve_meta_disable_title":"","footnotes":""},"class_list":["post-2811","page","type-page","status-publish","hentry"],"_links":{"self":[{"href":"https:\/\/b-vet-project.eu\/es\/wp-json\/wp\/v2\/pages\/2811","targetHints":{"allow":["GET"]}}],"collection":[{"href":"https:\/\/b-vet-project.eu\/es\/wp-json\/wp\/v2\/pages"}],"about":[{"href":"https:\/\/b-vet-project.eu\/es\/wp-json\/wp\/v2\/types\/page"}],"author":[{"embeddable":true,"href":"https:\/\/b-vet-project.eu\/es\/wp-json\/wp\/v2\/users\/1"}],"replies":[{"embeddable":true,"href":"https:\/\/b-vet-project.eu\/es\/wp-json\/wp\/v2\/comments?post=2811"}],"version-history":[{"count":1,"href":"https:\/\/b-vet-project.eu\/es\/wp-json\/wp\/v2\/pages\/2811\/revisions"}],"predecessor-version":[{"id":2814,"href":"https:\/\/b-vet-project.eu\/es\/wp-json\/wp\/v2\/pages\/2811\/revisions\/2814"}],"wp:attachment":[{"href":"https:\/\/b-vet-project.eu\/es\/wp-json\/wp\/v2\/media?parent=2811"}],"curies":[{"name":"wp","href":"https:\/\/api.w.org\/{rel}","templated":true}]}}