{"id":2817,"date":"2025-06-08T08:03:12","date_gmt":"2025-06-08T08:03:12","guid":{"rendered":"https:\/\/b-vet-project.eu\/ponte-en-contacto-con\/"},"modified":"2025-07-18T08:40:15","modified_gmt":"2025-07-18T08:40:15","slug":"ponte-en-contacto-con","status":"publish","type":"page","link":"https:\/\/b-vet-project.eu\/es\/ponte-en-contacto-con\/","title":{"rendered":"Ponte en contacto con"},"content":{"rendered":"\t\t<div data-elementor-type=\"wp-page\" data-elementor-id=\"2817\" class=\"elementor elementor-2817 elementor-2627\">\n\t\t\t\t\t\t<section class=\"elementor-section elementor-top-section elementor-element elementor-element-5c7121a40 elementor-section-boxed elementor-section-height-default elementor-section-height-default\" data-id=\"5c7121a40\" data-element_type=\"section\" data-settings=\"{&quot;background_background&quot;:&quot;classic&quot;}\">\n\t\t\t\t\t\t\t<div class=\"elementor-background-overlay\"><\/div>\n\t\t\t\t\t\t\t<div class=\"elementor-container elementor-column-gap-default\">\n\t\t\t\t\t<div class=\"elementor-column elementor-col-100 elementor-top-column elementor-element elementor-element-62dd0b0c\" data-id=\"62dd0b0c\" data-element_type=\"column\">\n\t\t\t<div class=\"elementor-widget-wrap elementor-element-populated\">\n\t\t\t\t\t\t<div class=\"elementor-element elementor-element-2d52200c elementor-widget elementor-widget-heading\" data-id=\"2d52200c\" data-element_type=\"widget\" data-widget_type=\"heading.default\">\n\t\t\t\t<div class=\"elementor-widget-container\">\n\t\t\t\t\t<h2 class=\"elementor-heading-title elementor-size-default\">Ponte en contacto con<\/h2>\t\t\t\t<\/div>\n\t\t\t\t<\/div>\n\t\t\t\t\t<\/div>\n\t\t<\/div>\n\t\t\t\t\t<\/div>\n\t\t<\/section>\n\t\t\t\t<section class=\"elementor-section elementor-top-section elementor-element elementor-element-464704b7 elementor-section-boxed elementor-section-height-default elementor-section-height-default\" data-id=\"464704b7\" data-element_type=\"section\">\n\t\t\t\t\t\t<div class=\"elementor-container elementor-column-gap-default\">\n\t\t\t\t\t<div class=\"elementor-column elementor-col-50 elementor-top-column elementor-element elementor-element-761b38ae\" data-id=\"761b38ae\" data-element_type=\"column\">\n\t\t\t<div class=\"elementor-widget-wrap\">\n\t\t\t\t\t\t\t<\/div>\n\t\t<\/div>\n\t\t\t\t<div class=\"elementor-column elementor-col-50 elementor-top-column elementor-element elementor-element-6cefea11\" data-id=\"6cefea11\" data-element_type=\"column\">\n\t\t\t<div class=\"elementor-widget-wrap elementor-element-populated\">\n\t\t\t\t\t\t<div class=\"elementor-element elementor-element-2c96ca37 elementor-widget elementor-widget-heading\" data-id=\"2c96ca37\" data-element_type=\"widget\" data-widget_type=\"heading.default\">\n\t\t\t\t<div class=\"elementor-widget-container\">\n\t\t\t\t\t<h2 class=\"elementor-heading-title elementor-size-default\">Informaci\u00f3n<\/h2>\t\t\t\t<\/div>\n\t\t\t\t<\/div>\n\t\t\t\t<div class=\"elementor-element elementor-element-1d795f50 elementor-widget-divider--view-line elementor-widget elementor-widget-divider\" data-id=\"1d795f50\" data-element_type=\"widget\" data-widget_type=\"divider.default\">\n\t\t\t\t<div class=\"elementor-widget-container\">\n\t\t\t\t\t\t\t<div class=\"elementor-divider\">\n\t\t\t<span class=\"elementor-divider-separator\">\n\t\t\t\t\t\t<\/span>\n\t\t<\/div>\n\t\t\t\t\t\t<\/div>\n\t\t\t\t<\/div>\n\t\t\t\t<div class=\"elementor-element elementor-element-36ceb760 elementor-widget elementor-widget-text-editor\" data-id=\"36ceb760\" data-element_type=\"widget\" data-widget_type=\"text-editor.default\">\n\t\t\t\t<div class=\"elementor-widget-container\">\n\t\t\t\t\t\t\t\t\t<p><span lang=\"EN-US\">Socio principal de B-VET: FyG Consultores, Valencia, Espa\u00f1a<\/span><\/p><p><span lang=\"EN-US\">Coordinador del Proyecto B-VET: D. Fabi\u00e1n G\u00f3mez Gutierrez<\/span><\/p><p><span lang=\"EN-US\"> <\/span><span lang=\"EN-US\">Correo electr\u00f3nico: <a href=\"mailto:info@fygconsultores.com\" target=\"_blank\" rel=\"nofollow noopener\">info@fygconsultores.com<\/a><\/span><\/p>\t\t\t\t\t\t\t\t<\/div>\n\t\t\t\t<\/div>\n\t\t\t\t\t<\/div>\n\t\t<\/div>\n\t\t\t\t\t<\/div>\n\t\t<\/section>\n\t\t\t\t<\/div>\n\t\t","protected":false},"excerpt":{"rendered":"<p>Ponte en contacto con Tu nombre Tu correo electr\u00f3nico Tu mensaje (opcional) Env\u00eda Informaci\u00f3n Socio principal de B-VET: FyG Consultores, Valencia, Espa\u00f1a Coordinador del Proyecto B-VET: D. Fabi\u00e1n G\u00f3mez Gutierrez Correo electr\u00f3nico: info@fygconsultores.com<\/p>\n","protected":false},"author":1,"featured_media":0,"parent":0,"menu_order":0,"comment_status":"closed","ping_status":"closed","template":"page-templates\/template-pagebuilder-full-width.php","meta":{"neve_meta_sidebar":"","neve_meta_container":"","neve_meta_enable_content_width":"","neve_meta_content_width":0,"neve_meta_title_alignment":"","neve_meta_author_avatar":"","neve_post_elements_order":"","neve_meta_disable_header":"","neve_meta_disable_footer":"","neve_meta_disable_title":"","footnotes":""},"class_list":["post-2817","page","type-page","status-publish","hentry"],"_links":{"self":[{"href":"https:\/\/b-vet-project.eu\/es\/wp-json\/wp\/v2\/pages\/2817","targetHints":{"allow":["GET"]}}],"collection":[{"href":"https:\/\/b-vet-project.eu\/es\/wp-json\/wp\/v2\/pages"}],"about":[{"href":"https:\/\/b-vet-project.eu\/es\/wp-json\/wp\/v2\/types\/page"}],"author":[{"embeddable":true,"href":"https:\/\/b-vet-project.eu\/es\/wp-json\/wp\/v2\/users\/1"}],"replies":[{"embeddable":true,"href":"https:\/\/b-vet-project.eu\/es\/wp-json\/wp\/v2\/comments?post=2817"}],"version-history":[{"count":1,"href":"https:\/\/b-vet-project.eu\/es\/wp-json\/wp\/v2\/pages\/2817\/revisions"}],"predecessor-version":[{"id":2819,"href":"https:\/\/b-vet-project.eu\/es\/wp-json\/wp\/v2\/pages\/2817\/revisions\/2819"}],"wp:attachment":[{"href":"https:\/\/b-vet-project.eu\/es\/wp-json\/wp\/v2\/media?parent=2817"}],"curies":[{"name":"wp","href":"https:\/\/api.w.org\/{rel}","templated":true}]}}