{"id":2833,"date":"2025-03-31T14:28:39","date_gmt":"2025-03-31T14:28:39","guid":{"rendered":"https:\/\/b-vet-project.eu\/condiciones-de-uso\/"},"modified":"2025-07-18T08:41:03","modified_gmt":"2025-07-18T08:41:03","slug":"condiciones-de-uso","status":"publish","type":"page","link":"https:\/\/b-vet-project.eu\/es\/condiciones-de-uso\/","title":{"rendered":"Condiciones de uso"},"content":{"rendered":"\n<figure class=\"wp-block-table\"><table class=\"has-fixed-layout\"><tbody><tr><td>El sitio web de B-VET es propiedad y est\u00e1 gestionado por los miembros de la Asociaci\u00f3n del proyecto B-VET (en adelante, los \u00abSocios\u00bb). No debes acceder a este sitio web ni utilizarlo hasta que hayas le\u00eddo atentamente y aceptado las siguientes Condiciones del servicio.   <br\/><br\/><strong>Uso del sitio web:<\/strong> Al acceder a este sitio web, has indicado que has le\u00eddo estos t\u00e9rminos y aceptas estar vinculado a ellos y cumplirlos. Si no aceptas quedar vinculado por estos t\u00e9rminos, sal inmediatamente del sitio web. Los miembros se reservan el derecho a modificar estos t\u00e9rminos en cualquier momento y publicar\u00e1n un aviso de cualquier modificaci\u00f3n en l\u00ednea en este sitio web. Si contin\u00faas accediendo a este sitio web despu\u00e9s de que se haya publicado el aviso de dichas modificaciones, estar\u00e1s aceptando quedar vinculado por ellas.     <br\/><strong>Responsabilidad por el contenido:<\/strong> Como proveedor de servicios, somos responsables de nuestro propio contenido en estas p\u00e1ginas de acuerdo con las leyes pertinentes. No controlamos la informaci\u00f3n de terceros transmitida o almacenada ni investigamos las circunstancias que indiquen una actividad ilegal. El contenido de este sitio web pertenece a los socios del proyecto B-VET, a menos que se indique lo contrario.    <br\/><strong>Responsabilidad de los enlaces:<\/strong> Nuestro sitio contiene enlaces a sitios web externos de terceros, sobre cuyo contenido no tenemos ninguna influencia. Por esta raz\u00f3n, no podemos aceptar ninguna responsabilidad por este contenido externo. El respectivo proveedor u operador de las p\u00e1ginas es siempre responsable del contenido de las p\u00e1ginas enlazadas. En el momento de crear el enlace, se comprob\u00f3 que las p\u00e1ginas enlazadas no infringieran la ley. No se detect\u00f3 ning\u00fan contenido ilegal en el momento en que se cre\u00f3 el enlace. Un control permanente del contenido de las p\u00e1ginas enlazadas no es razonable sin pruebas concretas de una infracci\u00f3n. En cuanto tengamos conocimiento de infracciones legales, eliminaremos dichos enlaces inmediatamente. <br\/> <strong>Derechos de autor:<\/strong> El contenido y las obras de estas p\u00e1ginas creadas por el operador del sitio est\u00e1n sujetos a la legislaci\u00f3n griega sobre derechos de autor. La duplicaci\u00f3n, edici\u00f3n, distribuci\u00f3n y cualquier tipo de uso fuera de los l\u00edmites de la ley de derechos de autor requieren el consentimiento por escrito del respectivo autor o creador. Las descargas y copias de esta p\u00e1gina s\u00f3lo est\u00e1n permitidas para uso privado y no comercial. En la medida en que el contenido de esta p\u00e1gina no haya sido creado por el operador, se respetan los derechos de autor de terceros. En particular, los contenidos de terceros est\u00e1n marcados como tales. No obstante, si tuvieras conocimiento de una infracci\u00f3n de los derechos de autor, te rogamos que nos lo comuniques. En cuanto tengamos conocimiento de infracciones legales, eliminaremos dichos contenidos inmediatamente.              <br\/><strong>Informaci\u00f3n personal:<\/strong> El sitio web contiene informaci\u00f3n personal sobre los socios. Esta informaci\u00f3n se facilita \u00fanicamente a efectos de este proyecto y en ning\u00fan caso debe utilizarse para otros fines. Para m\u00e1s informaci\u00f3n sobre el tratamiento de datos personales a trav\u00e9s de este sitio web o del proyecto, ponte en contacto con TECHLAB. El Director de Proyecto pertinente es el Sr. Stefanos Panakoulias y puedes ponerte en contacto con \u00e9l en [email protected]. La direcci\u00f3n postal del TECHLAB es: Porfuriou mitropolitou &amp; perifereiaki odos, 47100 Epiro Grecia, att. Sra. Glykeria Pietri.     <br\/><strong>Normas de conducta en l\u00ednea:<\/strong> Aceptas utilizar el sitio web de acuerdo con todas las leyes aplicables. Adem\u00e1s, aceptas que no enviar\u00e1s por correo electr\u00f3nico ni publicar\u00e1s contenido malicioso o da\u00f1ino en ning\u00fan lugar del sitio web, incluyendo, sin limitaci\u00f3n, lo siguiente: Contenido que difame o amenace a otros; Declaraciones acosadoras o contenido que infrinja la ley federal o estatal; Contenido que hable de actividades ilegales con la intenci\u00f3n de cometerlas; Contenido que no sea tuyo o que infrinja la propiedad intelectual de otros, incluidos, entre otros, derechos de autor, marcas comerciales o secretos comerciales; Contenido relacionado con actividades pol\u00edticas partidistas; Material que contenga obscenidades (es decir.Publicidad o cualquier forma de solicitud o promoci\u00f3n comercial, incluidos enlaces a otros sitios web; Contenido que sea ilegal por cualquier otro motivo; Contenido intencionadamente incompleto, enga\u00f1oso o inexacto. Suscr\u00edbete a nuestro bolet\u00edn de noticias Al suscribirte al bolet\u00edn de noticias de B-VET aceptas la pol\u00edtica de privacidad de B-VET    <\/td><\/tr><\/tbody><\/table><\/figure>\n","protected":false},"excerpt":{"rendered":"<p>El sitio web de B-VET es propiedad y est\u00e1 gestionado por los miembros de la Asociaci\u00f3n del proyecto B-VET (en adelante, los \u00abSocios\u00bb). No debes acceder a este sitio web ni utilizarlo hasta que hayas le\u00eddo atentamente y aceptado las siguientes Condiciones del servicio. Uso del sitio web: Al acceder a este sitio web, has&hellip;&nbsp;<a href=\"https:\/\/b-vet-project.eu\/es\/condiciones-de-uso\/\" rel=\"bookmark\">Leer m\u00e1s &raquo;<span class=\"screen-reader-text\">Condiciones de uso<\/span><\/a><\/p>\n","protected":false},"author":1,"featured_media":0,"parent":0,"menu_order":0,"comment_status":"closed","ping_status":"closed","template":"","meta":{"neve_meta_sidebar":"","neve_meta_container":"","neve_meta_enable_content_width":"","neve_meta_content_width":0,"neve_meta_title_alignment":"","neve_meta_author_avatar":"","neve_post_elements_order":"","neve_meta_disable_header":"","neve_meta_disable_footer":"","neve_meta_disable_title":"","footnotes":""},"class_list":["post-2833","page","type-page","status-publish","hentry"],"_links":{"self":[{"href":"https:\/\/b-vet-project.eu\/es\/wp-json\/wp\/v2\/pages\/2833","targetHints":{"allow":["GET"]}}],"collection":[{"href":"https:\/\/b-vet-project.eu\/es\/wp-json\/wp\/v2\/pages"}],"about":[{"href":"https:\/\/b-vet-project.eu\/es\/wp-json\/wp\/v2\/types\/page"}],"author":[{"embeddable":true,"href":"https:\/\/b-vet-project.eu\/es\/wp-json\/wp\/v2\/users\/1"}],"replies":[{"embeddable":true,"href":"https:\/\/b-vet-project.eu\/es\/wp-json\/wp\/v2\/comments?post=2833"}],"version-history":[{"count":1,"href":"https:\/\/b-vet-project.eu\/es\/wp-json\/wp\/v2\/pages\/2833\/revisions"}],"predecessor-version":[{"id":2837,"href":"https:\/\/b-vet-project.eu\/es\/wp-json\/wp\/v2\/pages\/2833\/revisions\/2837"}],"wp:attachment":[{"href":"https:\/\/b-vet-project.eu\/es\/wp-json\/wp\/v2\/media?parent=2833"}],"curies":[{"name":"wp","href":"https:\/\/api.w.org\/{rel}","templated":true}]}}