{"id":2839,"date":"2025-03-18T18:05:16","date_gmt":"2025-03-18T18:05:16","guid":{"rendered":"https:\/\/b-vet-project.eu\/centro-virtual-de-aprendizaje\/"},"modified":"2025-07-18T08:41:07","modified_gmt":"2025-07-18T08:41:07","slug":"centro-virtual-de-aprendizaje","status":"publish","type":"page","link":"https:\/\/b-vet-project.eu\/es\/centro-virtual-de-aprendizaje\/","title":{"rendered":"Centro Virtual de Aprendizaje"},"content":{"rendered":"\t\t<div data-elementor-type=\"wp-page\" data-elementor-id=\"2839\" class=\"elementor elementor-2839 elementor-2508\">\n\t\t\t\t\t\t<section class=\"elementor-section elementor-top-section elementor-element elementor-element-184485760 elementor-section-boxed elementor-section-height-default elementor-section-height-default\" data-id=\"184485760\" data-element_type=\"section\" data-settings=\"{&quot;background_background&quot;:&quot;classic&quot;}\">\n\t\t\t\t\t\t\t<div class=\"elementor-background-overlay\"><\/div>\n\t\t\t\t\t\t\t<div class=\"elementor-container elementor-column-gap-default\">\n\t\t\t\t\t<div class=\"elementor-column elementor-col-100 elementor-top-column elementor-element elementor-element-5bba4067\" data-id=\"5bba4067\" data-element_type=\"column\">\n\t\t\t<div class=\"elementor-widget-wrap elementor-element-populated\">\n\t\t\t\t\t\t<div class=\"elementor-element elementor-element-3137acf elementor-widget elementor-widget-heading\" data-id=\"3137acf\" data-element_type=\"widget\" data-widget_type=\"heading.default\">\n\t\t\t\t<div class=\"elementor-widget-container\">\n\t\t\t\t\t<h2 class=\"elementor-heading-title elementor-size-default\">Centro Virtual de Aprendizaje<\/h2>\t\t\t\t<\/div>\n\t\t\t\t<\/div>\n\t\t\t\t\t<\/div>\n\t\t<\/div>\n\t\t\t\t\t<\/div>\n\t\t<\/section>\n\t\t<div class=\"elementor-element elementor-element-7f40fd4 e-flex e-con-boxed e-con e-parent\" data-id=\"7f40fd4\" data-element_type=\"container\">\n\t\t\t\t\t<div class=\"e-con-inner\">\n\t\t\t\t<div class=\"elementor-element elementor-element-8027e37 elementor-widget elementor-widget-text-editor\" data-id=\"8027e37\" data-element_type=\"widget\" data-widget_type=\"text-editor.default\">\n\t\t\t\t<div class=\"elementor-widget-container\">\n\t\t\t\t\t\t\t\t\t<p>Nuestra plataforma, cofinanciada por la Uni\u00f3n Europea en el marco del Programa Erasmus+, se dedica a desarrollar la capacidad de los proveedores de EFP en el oeste del Nilo y el norte de Uganda. B-VET: tiene como objetivo desarrollar un programa conjunto de formaci\u00f3n de acuerdo con el enfoque ECVET\/EQF\/EQAVET y de Micro-credenciales para mejorar la capacidad de los proveedores de EFTP para cubrir las necesidades de formaci\u00f3n del mercado laboral del sector agr\u00edcola en Uganda, abordando los desajustes de cualificaciones y apoyando la formaci\u00f3n de un sistema eficaz de educaci\u00f3n y formaci\u00f3n profesional que garantice su sostenibilidad.<\/p>\t\t\t\t\t\t\t\t<\/div>\n\t\t\t\t<\/div>\n\t\t\t\t\t<\/div>\n\t\t\t\t<\/div>\n\t\t\t\t<\/div>\n\t\t","protected":false},"excerpt":{"rendered":"<p>Centro Virtual de Aprendizaje Nuestra plataforma, cofinanciada por la Uni\u00f3n Europea en el marco del Programa Erasmus+, se dedica a desarrollar la capacidad de los proveedores de EFP en el oeste del Nilo y el norte de Uganda. B-VET: tiene como objetivo desarrollar un programa conjunto de formaci\u00f3n de acuerdo con el enfoque ECVET\/EQF\/EQAVET y&hellip;&nbsp;<a href=\"https:\/\/b-vet-project.eu\/es\/centro-virtual-de-aprendizaje\/\" rel=\"bookmark\">Leer m\u00e1s &raquo;<span class=\"screen-reader-text\">Centro Virtual de Aprendizaje<\/span><\/a><\/p>\n","protected":false},"author":1,"featured_media":0,"parent":0,"menu_order":0,"comment_status":"closed","ping_status":"closed","template":"page-templates\/template-pagebuilder-full-width.php","meta":{"neve_meta_sidebar":"","neve_meta_container":"","neve_meta_enable_content_width":"","neve_meta_content_width":0,"neve_meta_title_alignment":"","neve_meta_author_avatar":"","neve_post_elements_order":"","neve_meta_disable_header":"","neve_meta_disable_footer":"","neve_meta_disable_title":"","footnotes":""},"class_list":["post-2839","page","type-page","status-publish","hentry"],"_links":{"self":[{"href":"https:\/\/b-vet-project.eu\/es\/wp-json\/wp\/v2\/pages\/2839","targetHints":{"allow":["GET"]}}],"collection":[{"href":"https:\/\/b-vet-project.eu\/es\/wp-json\/wp\/v2\/pages"}],"about":[{"href":"https:\/\/b-vet-project.eu\/es\/wp-json\/wp\/v2\/types\/page"}],"author":[{"embeddable":true,"href":"https:\/\/b-vet-project.eu\/es\/wp-json\/wp\/v2\/users\/1"}],"replies":[{"embeddable":true,"href":"https:\/\/b-vet-project.eu\/es\/wp-json\/wp\/v2\/comments?post=2839"}],"version-history":[{"count":1,"href":"https:\/\/b-vet-project.eu\/es\/wp-json\/wp\/v2\/pages\/2839\/revisions"}],"predecessor-version":[{"id":2842,"href":"https:\/\/b-vet-project.eu\/es\/wp-json\/wp\/v2\/pages\/2839\/revisions\/2842"}],"wp:attachment":[{"href":"https:\/\/b-vet-project.eu\/es\/wp-json\/wp\/v2\/media?parent=2839"}],"curies":[{"name":"wp","href":"https:\/\/api.w.org\/{rel}","templated":true}]}}